{"id":1365,"date":"2025-01-15T15:37:36","date_gmt":"2025-01-15T14:37:36","guid":{"rendered":"https:\/\/patentrechtstage.de\/?page_id=1365"},"modified":"2026-03-11T17:36:42","modified_gmt":"2026-03-11T16:36:42","slug":"tagungsprogramm","status":"publish","type":"page","link":"https:\/\/patentrechtstage.de\/index.php\/tagungsprogramm\/","title":{"rendered":"Tagungsprogramm"},"content":{"rendered":"<div id=\"pl-1365\"  class=\"panel-layout\" ><div id=\"pg-1365-0\"  class=\"panel-grid panel-no-style\" ><div id=\"pgc-1365-0-0\"  class=\"panel-grid-cell\" ><div id=\"panel-1365-0-0-0\" class=\"so-panel widget widget_sow-editor panel-first-child panel-last-child\" data-index=\"0\" ><div\n\t\t\t\n\t\t\tclass=\"so-widget-sow-editor so-widget-sow-editor-base\"\n\t\t\t\n\t\t>\n<div class=\"siteorigin-widget-tinymce textwidget\">\n\t<h1><\/h1>\n<h1 style=\"text-align: left;\"><span style=\"font-family: helvetica;\"><strong><span style=\"font-family: 'Open Sans';\">Programm\u00fcbersicht<\/span><\/strong><\/span><\/h1>\n<p>&nbsp;<\/p>\n<h3 style=\"text-align: left;\"><span style=\"font-family: 'Open Sans';\">Hier erhalten Sie eine Programm\u00fcbersicht der 24. D\u00fcsseldorfer Patentrechtstage 2026. F\u00fcr das vollst\u00e4ndige Tagungsprogramm als PDF\u00a0 klicken Sie <a href=\"https:\/\/patentrechtstage.de\/wp-content\/uploads\/2026\/03\/DPT_24_2026-Programm.pdf\">hier.<\/a><\/span><\/h3>\n<p>&nbsp;<\/p>\n<p>&nbsp;<\/p>\n<h3><\/h3>\n<h3><\/h3>\n<p>&nbsp;<\/p>\n<p>&nbsp;<\/p>\n<p>&nbsp;<\/p>\n<p>&nbsp;<\/p>\n<p>&nbsp;<\/p>\n<p>&nbsp;<\/p>\n<p>&nbsp;<\/p>\n<p>&nbsp;<\/p>\n<p>&nbsp;<\/p>\n<\/div>\n<\/div><\/div><\/div><\/div><\/div>","protected":false},"excerpt":{"rendered":"<p>Programm\u00fcbersicht &nbsp; Hier erhalten Sie eine Programm\u00fcbersicht der 24. D\u00fcsseldorfer Patentrechtstage 2026. F\u00fcr das vollst\u00e4ndige Tagungsprogramm als PDF\u00a0 klicken Sie hier. &nbsp; &nbsp; &nbsp; &nbsp; &nbsp; &nbsp; &nbsp; &nbsp; &nbsp; &nbsp; &nbsp;<\/p>\n","protected":false},"author":6,"featured_media":0,"parent":0,"menu_order":0,"comment_status":"closed","ping_status":"closed","template":"","meta":{"_seopress_robots_primary_cat":"","_seopress_titles_title":"","_seopress_titles_desc":"","_seopress_robots_index":"","footnotes":""},"class_list":["post-1365","page","type-page","status-publish","hentry"],"_links":{"self":[{"href":"https:\/\/patentrechtstage.de\/index.php\/wp-json\/wp\/v2\/pages\/1365","targetHints":{"allow":["GET"]}}],"collection":[{"href":"https:\/\/patentrechtstage.de\/index.php\/wp-json\/wp\/v2\/pages"}],"about":[{"href":"https:\/\/patentrechtstage.de\/index.php\/wp-json\/wp\/v2\/types\/page"}],"author":[{"embeddable":true,"href":"https:\/\/patentrechtstage.de\/index.php\/wp-json\/wp\/v2\/users\/6"}],"replies":[{"embeddable":true,"href":"https:\/\/patentrechtstage.de\/index.php\/wp-json\/wp\/v2\/comments?post=1365"}],"version-history":[{"count":58,"href":"https:\/\/patentrechtstage.de\/index.php\/wp-json\/wp\/v2\/pages\/1365\/revisions"}],"predecessor-version":[{"id":1686,"href":"https:\/\/patentrechtstage.de\/index.php\/wp-json\/wp\/v2\/pages\/1365\/revisions\/1686"}],"wp:attachment":[{"href":"https:\/\/patentrechtstage.de\/index.php\/wp-json\/wp\/v2\/media?parent=1365"}],"curies":[{"name":"wp","href":"https:\/\/api.w.org\/{rel}","templated":true}]}}