{"id":81,"date":"2017-07-17T16:14:10","date_gmt":"2017-07-17T14:14:10","guid":{"rendered":"https:\/\/www3.hhu.de\/patentrechtstage\/?page_id=81"},"modified":"2023-01-11T07:37:36","modified_gmt":"2023-01-11T06:37:36","slug":"impressum","status":"publish","type":"page","link":"https:\/\/patentrechtstage.de\/index.php\/impressum\/","title":{"rendered":"Impressum"},"content":{"rendered":"<div class=\"content_wide\" style=\"padding-bottom: 0;\">\n<h1>Impressum<\/h1>\n<p>Bei allen Fragen wenden Sie sich gerne an: <strong>info@gewrs.de<\/strong>!<\/p>\n<p><b>Verantwortlich f\u00fcr die Gestaltung dieser Seiten<\/b><\/p>\n<p>Prof. Dr. Jan Busche<br \/>\nZentrum f\u00fcr Gewerblichen Rechtsschutz<br \/>\nUniversit\u00e4tsstra\u00dfe 1<br \/>\nGeb\u00e4ude 24.81 (Juridicum II)<br \/>\n40225 D\u00fcsseldorf<\/p>\n<p>Telefon: +49 211 81-11321<br \/>\nTelefax: +49 211 81-11741<br \/>\nE-Mail: info@gewrs.de<\/p>\n<p>&nbsp;<\/p>\n<p><strong>Zentrale Adresse der Heinrich-Heine-Universit\u00e4t D\u00fcsseldorf<\/strong><\/p>\n<p>Heinrich-Heine-Universit\u00e4t D\u00fcsseldorf<br \/>\nUniversit\u00e4tsstra\u00dfe 1<br \/>\n40225 D\u00fcsseldorf<br \/>\nTel.: +49 211 81-11118<\/p>\n<p>Die Heinrich-Heine-Universit\u00e4t D\u00fcsseldorf ist eine K\u00f6rperschaft des \u00f6ffentlichen Rechts.<\/p>\n<p><strong>Gesetzliche Vertreterin<\/strong><\/p>\n<p>Rektorin Prof. Dr. Anja Steinbeck<\/p>\n<p><strong>Zust\u00e4ndige Aufsichtsbeh\u00f6rde<\/strong><\/p>\n<p>Ministerium f\u00fcr Kultur und Wissenschaft des Landes Nordrhein-Westfalen<br \/>\nV\u00f6lklinger Stra\u00dfe 49<br \/>\n40221 D\u00fcsseldorf<\/p>\n<p><strong>Umsatzsteuer-Identifikationsnummer<\/strong><\/p>\n<p>gem\u00e4\u00df \u00a727a Umsatzsteuergesetz<br \/>\nDE 811222416<\/p>\n<p><strong>Herausgeberin der Webseite<\/strong><\/p>\n<p>Rektorin Prof. Dr. Anja Steinbeck<\/p>\n<p>&nbsp;<\/p>\n<\/div>\n<p>&nbsp;<\/p>\n","protected":false},"excerpt":{"rendered":"<p>Impressum Bei allen Fragen wenden Sie sich gerne an: info@gewrs.de! Verantwortlich f\u00fcr die Gestaltung dieser Seiten Prof. Dr. Jan Busche Zentrum f\u00fcr Gewerblichen Rechtsschutz Universit\u00e4tsstra\u00dfe 1 Geb\u00e4ude 24.81 (Juridicum II) 40225 D\u00fcsseldorf Telefon: +49 211 81-11321 Telefax: +49 211 81-11741 E-Mail: info@gewrs.de &nbsp; Zentrale Adresse der Heinrich-Heine-Universit\u00e4t D\u00fcsseldorf Heinrich-Heine-Universit\u00e4t D\u00fcsseldorf Universit\u00e4tsstra\u00dfe 1 40225 D\u00fcsseldorf Tel.: +49 211 81-11118 Die Heinrich-Heine-Universit\u00e4t D\u00fcsseldorf ist eine K\u00f6rperschaft des \u00f6ffentlichen Rechts. Gesetzliche Vertreterin Rektorin Prof. Dr. Anja Steinbeck Zust\u00e4ndige Aufsichtsbeh\u00f6rde Ministerium f\u00fcr Kultur und Wissenschaft des Landes Nordrhein-Westfalen V\u00f6lklinger Stra\u00dfe 49 40221 D\u00fcsseldorf Umsatzsteuer-Identifikationsnummer gem\u00e4\u00df \u00a727a Umsatzsteuergesetz DE 811222416 Herausgeberin der Webseite Rektorin Prof. Dr. Anja Steinbeck &nbsp; &nbsp;<\/p>\n","protected":false},"author":1,"featured_media":0,"parent":0,"menu_order":0,"comment_status":"closed","ping_status":"closed","template":"","meta":{"_seopress_robots_primary_cat":"","_seopress_titles_title":"","_seopress_titles_desc":"","_seopress_robots_index":"","footnotes":""},"class_list":["post-81","page","type-page","status-publish","hentry"],"_links":{"self":[{"href":"https:\/\/patentrechtstage.de\/index.php\/wp-json\/wp\/v2\/pages\/81","targetHints":{"allow":["GET"]}}],"collection":[{"href":"https:\/\/patentrechtstage.de\/index.php\/wp-json\/wp\/v2\/pages"}],"about":[{"href":"https:\/\/patentrechtstage.de\/index.php\/wp-json\/wp\/v2\/types\/page"}],"author":[{"embeddable":true,"href":"https:\/\/patentrechtstage.de\/index.php\/wp-json\/wp\/v2\/users\/1"}],"replies":[{"embeddable":true,"href":"https:\/\/patentrechtstage.de\/index.php\/wp-json\/wp\/v2\/comments?post=81"}],"version-history":[{"count":10,"href":"https:\/\/patentrechtstage.de\/index.php\/wp-json\/wp\/v2\/pages\/81\/revisions"}],"predecessor-version":[{"id":1180,"href":"https:\/\/patentrechtstage.de\/index.php\/wp-json\/wp\/v2\/pages\/81\/revisions\/1180"}],"wp:attachment":[{"href":"https:\/\/patentrechtstage.de\/index.php\/wp-json\/wp\/v2\/media?parent=81"}],"curies":[{"name":"wp","href":"https:\/\/api.w.org\/{rel}","templated":true}]}}